{"id":14,"date":"2018-02-23T07:43:00","date_gmt":"2018-02-23T07:43:00","guid":{"rendered":"https:\/\/hts.ee\/wp\/?page_id=14"},"modified":"2018-07-02T13:45:22","modified_gmt":"2018-07-02T11:45:22","slug":"it-juhtimine","status":"publish","type":"page","link":"https:\/\/hts.ee\/wp\/teenused\/it-juhtimine\/","title":{"rendered":"IT juhtimine"},"content":{"rendered":"<p>Meie\u00a0poolne IT juhtimine tagab Teie ettev\u00f5ttele sujuva ja j\u00e4tkusuutliku IT arengu.<\/p>\n<p>Pakume klientidele IT juhtimise teenust rendimudeli alusel.<\/p>\n<p>IT juhtimise rentimise eelisteks on:<\/p>\n<ul>\n<li>IT juhile on tagatud tsentraalne tugi (kompetentsid, koolitused, sertifikaadid, meeskond) meie\u00a0poolt. Meie\u00a0IT juhil on keerulisemate otsuste tegemisel alati kelleltki lisan\u00f5u k\u00fcsida, mis omakorda tagab targemad otsused.<\/li>\n<li>IT juhi rentimisega s\u00e4\u00e4stad. Keskmise suurusega ettev\u00f5te (kuni 25-50 inimest) ei suuda \u00fcldjuhul rakendada oma IT juhti tema k\u00f5rge palga v\u00e4\u00e4riliselt. Meie teenuse puhul maksab ettev\u00f5tte vaid osalise IT juhi koormuse eest, mis samas rahuldab \u00e4ra k\u00f5ik\u00a0 IT arengu vajadused.<\/li>\n<li>Renditud IT juht on kompetentsem ja motiveeritum, kuna tegeleb mitmete ettev\u00f5tetega. See pakub talle mitmek\u00fclgseid v\u00e4ljakutseid, mis teda arendavad ning sellest v\u00f5idavad ennek\u00f5ike just ettev\u00f5tted ise.<\/li>\n<li>\u00d5ige inimese leidmise vastutus on Tehnikasalongil. T\u00e4nu p\u00f5hjalikele kogemustele ja teadmistele infotehnoloogiast, suudame t\u00f5en\u00e4oliselt leida parema IT juhi konkreetse ettev\u00f5tte jaoks ning t\u00e4nu tema rakendamisele mitmetes firmades tagab see ka madalama hinna.<\/li>\n<li>IT juhi rentimise puhul on teenuse k\u00e4ivitamine ja teenusest loobumine kiire. Lisaks ei ole s\u00fcsteem ehitatud \u00fcles \u00fche mehe n\u00e4gemuse j\u00e4rgi, vaid l\u00e4htudes parimatest praktikatest ning dokumenteeritud selliselt, et IT juhi vahetamisel, asendamisel jne, suudab uus inimene koheselt m\u00f5ista s\u00fcsteemi toimimist.<\/li>\n<\/ul>\n<p>Teenuse osutamisega seotud peamised tegevused:<\/p>\n<p>IT konsultatsioon<br \/>\nIT kulude anal\u00fc\u00fcs ja optimeerimine<br \/>\nIT projektide juhtimine ja l\u00e4biviimine<br \/>\nIT dokumenteerimine ja standardiseerimine<br \/>\nIT investeeringute juhtimine<br \/>\nIT meeskonna t\u00f6\u00f6 koordineerimine<br \/>\nKui leiad, et sinu ettev\u00f5tte IT juht ei ole piisavalt tasemel, oled otsimas uut IT juhti v\u00f5i tunned teema vastu suuremat huvi, siis konsulteeri nendel teemadel kindlasti ka\u00a0meiega.<\/p>\n","protected":false},"excerpt":{"rendered":"<p>Meie\u00a0poolne IT juhtimine tagab Teie ettev\u00f5ttele sujuva ja j\u00e4tkusuutliku IT arengu. Pakume klientidele IT juhtimise teenust rendimudeli alusel. IT juhtimise rentimise eelisteks on: IT juhile on tagatud tsentraalne tugi (kompetentsid, koolitused, sertifikaadid, meeskond) meie\u00a0poolt. Meie\u00a0IT juhil on keerulisemate otsuste tegemisel alati kelleltki lisan\u00f5u k\u00fcsida, mis omakorda tagab targemad otsused. IT juhi rentimisega s\u00e4\u00e4stad. Keskmise suurusega [&hellip;]<\/p>\n","protected":false},"author":3,"featured_media":0,"parent":12,"menu_order":0,"comment_status":"closed","ping_status":"closed","template":"page-templates\/full-width.php","meta":{"footnotes":""},"class_list":["post-14","page","type-page","status-publish","hentry"],"_links":{"self":[{"href":"https:\/\/hts.ee\/wp\/wp-json\/wp\/v2\/pages\/14","targetHints":{"allow":["GET"]}}],"collection":[{"href":"https:\/\/hts.ee\/wp\/wp-json\/wp\/v2\/pages"}],"about":[{"href":"https:\/\/hts.ee\/wp\/wp-json\/wp\/v2\/types\/page"}],"author":[{"embeddable":true,"href":"https:\/\/hts.ee\/wp\/wp-json\/wp\/v2\/users\/3"}],"replies":[{"embeddable":true,"href":"https:\/\/hts.ee\/wp\/wp-json\/wp\/v2\/comments?post=14"}],"version-history":[{"count":2,"href":"https:\/\/hts.ee\/wp\/wp-json\/wp\/v2\/pages\/14\/revisions"}],"predecessor-version":[{"id":1095,"href":"https:\/\/hts.ee\/wp\/wp-json\/wp\/v2\/pages\/14\/revisions\/1095"}],"up":[{"embeddable":true,"href":"https:\/\/hts.ee\/wp\/wp-json\/wp\/v2\/pages\/12"}],"wp:attachment":[{"href":"https:\/\/hts.ee\/wp\/wp-json\/wp\/v2\/media?parent=14"}],"curies":[{"name":"wp","href":"https:\/\/api.w.org\/{rel}","templated":true}]}}