{"id":16,"date":"2018-02-23T07:43:43","date_gmt":"2018-02-23T07:43:43","guid":{"rendered":"https:\/\/hts.ee\/wp\/?page_id=16"},"modified":"2018-03-15T17:01:35","modified_gmt":"2018-03-15T15:01:35","slug":"it-hooldus","status":"publish","type":"page","link":"https:\/\/hts.ee\/wp\/teenused\/it-hooldus\/","title":{"rendered":"IT hooldus"},"content":{"rendered":"<p><strong>Tavap\u00e4rase IT hoolduslepingu puhul teeme perioodiliselt j\u00e4rgmisi t\u00f6id:<\/strong><\/p>\n<p>Serverite, v\u00f5rgu ja muu IT infrastruktuuri haldus:<\/p>\n<ul>\n<li>Riistvara p\u00fcsivara (firmware) uuenduste j\u00e4lgimine ja paigaldamine<\/li>\n<li>Operatisoonis\u00fcsteemi turvapaikade j\u00e4lgimine ja paigaldus<\/li>\n<li>Operatisoonis\u00fcsteemide haldus<\/li>\n<li>Virtualiseeritud keskkondade haldus<\/li>\n<li>Andmebaaside haldus<\/li>\n<li>V\u00f5rguseadmete haldus<\/li>\n<li>Tulem\u00fc\u00fcride ja VPN seadistamine<\/li>\n<li>Litsentsipoliitika j\u00e4lgimine<\/li>\n<li>Riistvara ressursside t\u00e4ituvuse j\u00e4lgimine<\/li>\n<li>Spetsialistide konsultatsioon<\/li>\n<li>S\u00fcsteemist ajakohase ja pidevalt uuendatava dokumentatsiooni loomist, mis h\u00f5lmab k\u00f5ike seda, mida on haldamiseks vaja<\/li>\n<li>S\u00fcsteemi j\u00e4lgimist eesm\u00e4rgiga ennetada v\u00f5imalikke probleeme<\/li>\n<li>Meie\u00a0spetsialisti valmisolekut reageerida intsidentide puhul kokkulepitud reageerimisaja\u00a0jooksul<\/li>\n<\/ul>\n<p>Arvutit\u00f6\u00f6kohtade haldus:<\/p>\n<ul>\n<li>K\u00f5igi tarkvara probleemide lahendamist<\/li>\n<li>Riistvara rikete v\u00f5i probleemide lahendamine ja garantii korraldamine<\/li>\n<li>Tuge t\u00f6\u00f6tajate jooksvatele IT k\u00fcsimustele ja probleemidele<\/li>\n<li>Tarkvara ja riistvara uuenduste paigaldust<\/li>\n<\/ul>\n","protected":false},"excerpt":{"rendered":"<p>Tavap\u00e4rase IT hoolduslepingu puhul teeme perioodiliselt j\u00e4rgmisi t\u00f6id: Serverite, v\u00f5rgu ja muu IT infrastruktuuri haldus: Riistvara p\u00fcsivara (firmware) uuenduste j\u00e4lgimine ja paigaldamine Operatisoonis\u00fcsteemi turvapaikade j\u00e4lgimine ja paigaldus Operatisoonis\u00fcsteemide haldus Virtualiseeritud keskkondade haldus Andmebaaside haldus V\u00f5rguseadmete haldus Tulem\u00fc\u00fcride ja VPN seadistamine Litsentsipoliitika j\u00e4lgimine Riistvara ressursside t\u00e4ituvuse j\u00e4lgimine Spetsialistide konsultatsioon S\u00fcsteemist ajakohase ja pidevalt uuendatava dokumentatsiooni loomist, [&hellip;]<\/p>\n","protected":false},"author":3,"featured_media":0,"parent":12,"menu_order":0,"comment_status":"closed","ping_status":"closed","template":"page-templates\/full-width.php","meta":{"footnotes":""},"class_list":["post-16","page","type-page","status-publish","hentry"],"_links":{"self":[{"href":"https:\/\/hts.ee\/wp\/wp-json\/wp\/v2\/pages\/16","targetHints":{"allow":["GET"]}}],"collection":[{"href":"https:\/\/hts.ee\/wp\/wp-json\/wp\/v2\/pages"}],"about":[{"href":"https:\/\/hts.ee\/wp\/wp-json\/wp\/v2\/types\/page"}],"author":[{"embeddable":true,"href":"https:\/\/hts.ee\/wp\/wp-json\/wp\/v2\/users\/3"}],"replies":[{"embeddable":true,"href":"https:\/\/hts.ee\/wp\/wp-json\/wp\/v2\/comments?post=16"}],"version-history":[{"count":1,"href":"https:\/\/hts.ee\/wp\/wp-json\/wp\/v2\/pages\/16\/revisions"}],"predecessor-version":[{"id":17,"href":"https:\/\/hts.ee\/wp\/wp-json\/wp\/v2\/pages\/16\/revisions\/17"}],"up":[{"embeddable":true,"href":"https:\/\/hts.ee\/wp\/wp-json\/wp\/v2\/pages\/12"}],"wp:attachment":[{"href":"https:\/\/hts.ee\/wp\/wp-json\/wp\/v2\/media?parent=16"}],"curies":[{"name":"wp","href":"https:\/\/api.w.org\/{rel}","templated":true}]}}