{"id":165,"date":"2018-02-27T17:34:12","date_gmt":"2018-02-27T15:34:12","guid":{"rendered":"https:\/\/hts.ee\/wp\/?page_id=165"},"modified":"2023-09-26T11:08:45","modified_gmt":"2023-09-26T09:08:45","slug":"meist","status":"publish","type":"page","link":"https:\/\/hts.ee\/wp\/meist\/","title":{"rendered":"Meist"},"content":{"rendered":"<figure id=\"attachment_61\" aria-describedby=\"caption-attachment-61\" style=\"width: 581px\" class=\"wp-caption alignnone\"><a href=\"https:\/\/hts.ee\/wp\/wp-content\/uploads\/2018\/02\/HTS_logo-1-1.png\"><img fetchpriority=\"high\" decoding=\"async\" class=\"wp-image-61 \" src=\"https:\/\/hts.ee\/wp\/wp-content\/uploads\/2018\/02\/HTS_logo-1-1.png\" alt=\"Tehnikasalong logo\" width=\"581\" height=\"92\" srcset=\"https:\/\/hts.ee\/wp\/wp-content\/uploads\/2018\/02\/HTS_logo-1-1.png 1258w, https:\/\/hts.ee\/wp\/wp-content\/uploads\/2018\/02\/HTS_logo-1-1-600x95.png 600w, https:\/\/hts.ee\/wp\/wp-content\/uploads\/2018\/02\/HTS_logo-1-1-300x48.png 300w, https:\/\/hts.ee\/wp\/wp-content\/uploads\/2018\/02\/HTS_logo-1-1-768x122.png 768w, https:\/\/hts.ee\/wp\/wp-content\/uploads\/2018\/02\/HTS_logo-1-1-1024x163.png 1024w\" sizes=\"(max-width: 581px) 100vw, 581px\" \/><\/a><figcaption id=\"caption-attachment-61\" class=\"wp-caption-text\"><span style=\"font-family: georgia, palatino, serif;\"><em><span style=\"font-size: 12pt;\">alates aastast 1994<\/span><\/em><\/span><\/figcaption><\/figure>\n<p style=\"text-align: left;\"><span style=\"font-family: georgia, palatino, serif;\">Tehnikasalong O\u00dc on pakkunud nii kontoritehnika m\u00fc\u00fcgi kui ka remondi- ja hooldusteenuseid \u00e4ri- ja eraklientidele.<\/span><\/p>\n<p style=\"text-align: left;\"><span style=\"font-family: georgia, palatino, serif;\">Meil on enam kui 20 aastat IT juhtimise kogemust v\u00e4ga erinevates valdkondades, me teame, millised on m\u00f5istlikud ja optimaalsed lahendused.\u00a0Iga IT-k\u00fcsimus on v\u00e4\u00e4rt v\u00e4ljakutse ja selle lahendamine on teinud meid aja jooksul vaid tugevamaks.<\/span><\/p>\n<p style=\"text-align: left;\"><span style=\"font-family: georgia, palatino, serif;\">Ettev\u00f5tte eesm\u00e4rgiks on pakkuda heal tasemel IT juhtimise ja IT partneri teenust, kvaliteetseid ning hinnatud kaubam\u00e4rgiga tooteid oma praegustele ja uutele klientidele. Pakume oma klientidele profesionaalset abi nii arvuti riist- kui tarkvara soetamisel kui ka hilisemat tuge selle kasutamisel ning t\u00e4iustamisel.<\/span><\/p>\n<p style=\"text-align: left;\"><span style=\"font-family: georgia, palatino, serif;\">Suurem osa L\u00e4\u00e4nemaa edukatest ettev\u00f5tetest ning ka eraisikutest tehnikas\u00f5brad hooldavad ja remondivad oma nutiseadmeid ning kontoritehnikat just meie juures.<\/span><\/p>\n<h2><span style=\"font-family: arial, helvetica, sans-serif;\">Meie meeskond<\/span><\/h2>\n<table style=\"width: 133.381%;\">\n<tbody>\n<tr>\n<td style=\"width: 13.1622%; text-align: left;\"><span style=\"font-size: 10pt; font-family: arial, helvetica, sans-serif;\">Ahti Irs<\/span><\/td>\n<td style=\"width: 33.3037%; text-align: left;\"><span style=\"font-size: 10pt; font-family: arial, helvetica, sans-serif;\">IT m\u00fc\u00fck, veebilehtede loomine,\u00a0programmeerimine<\/span><\/td>\n<td style=\"width: 16.1467%; text-align: left;\"><span style=\"font-size: 10pt; font-family: arial, helvetica, sans-serif;\">(+372) 504 1101<\/span><\/td>\n<td style=\"width: 36.2236%; text-align: left;\"><span style=\"font-size: 10pt; font-family: arial, helvetica, sans-serif;\"><a href=\"mailto:ahti@hts.ee\">ahti@hts.ee<\/a><\/span><\/td>\n<\/tr>\n<tr>\n<td style=\"width: 13.1622%; text-align: left;\"><span style=\"font-size: 10pt; font-family: arial, helvetica, sans-serif;\">Andrus Lillev\u00e4li<\/span><\/td>\n<td style=\"width: 33.3037%; text-align: left;\"><span style=\"font-size: 10pt; font-family: arial, helvetica, sans-serif;\">Elektroonika ja kontoriseadmete m\u00fc\u00fck, hooldus ja remont<\/span><\/td>\n<td style=\"width: 16.1467%; text-align: left;\"><span style=\"font-size: 10pt; font-family: arial, helvetica, sans-serif;\">(+372) 502 6248<\/span><\/td>\n<td style=\"width: 36.2236%; text-align: left;\"><span style=\"font-size: 10pt; font-family: arial, helvetica, sans-serif;\"><a href=\"mailto:andrus@hts.ee\">andrus@hts.ee<\/a><\/span><\/td>\n<\/tr>\n<tr>\n<td style=\"width: 13.1622%; text-align: left;\"><span style=\"font-size: 10pt; font-family: arial, helvetica, sans-serif;\">Jaan Saviir<\/span><\/td>\n<td style=\"width: 33.3037%; text-align: left;\"><span style=\"font-size: 10pt; font-family: arial, helvetica, sans-serif;\">IT m\u00fc\u00fck ja hooldus<\/span><\/td>\n<td style=\"width: 16.1467%; text-align: left;\"><span style=\"font-size: 10pt; font-family: arial, helvetica, sans-serif;\">(+372) 502 6247<\/span><\/td>\n<td style=\"width: 36.2236%; text-align: left;\"><span style=\"font-size: 10pt; font-family: arial, helvetica, sans-serif;\"><a href=\"mailto:jaan@hts.ee\">jaan@hts.ee<\/a><\/span><\/td>\n<\/tr>\n<tr>\n<td style=\"width: 13.1622%; text-align: left;\"><span style=\"font-size: 10pt; font-family: arial, helvetica, sans-serif;\">Raivo Reimann<\/span><\/td>\n<td style=\"width: 33.3037%; text-align: left;\"><span style=\"font-size: 10pt; font-family: arial, helvetica, sans-serif;\">IT remont ja hooldus<\/span><\/td>\n<td style=\"width: 16.1467%; text-align: left;\"><span style=\"font-size: 10pt; font-family: arial, helvetica, sans-serif;\">(+372) 5349 6686<\/span><\/td>\n<td style=\"width: 36.2236%; text-align: left;\"><span style=\"font-size: 10pt; font-family: arial, helvetica, sans-serif;\"><a href=\"mailto:raivo@hts.ee\">raivo@hts.ee<\/a><\/span><\/td>\n<\/tr>\n<tr>\n<td style=\"width: 13.1622%; text-align: left;\"><span style=\"font-size: 10pt; font-family: arial, helvetica, sans-serif;\">Helena Ungert<\/span><\/td>\n<td style=\"width: 33.3037%; text-align: left;\"><span style=\"font-size: 10pt; font-family: arial, helvetica, sans-serif;\">IT konsultant ja m\u00fc\u00fck, veebilehtede loomine<\/span><\/td>\n<td style=\"width: 16.1467%; text-align: left;\"><span style=\"font-size: 10pt; font-family: arial, helvetica, sans-serif;\">(+372) 472 5050<\/span><\/td>\n<td style=\"width: 36.2236%; text-align: left;\"><span style=\"font-size: 10pt; font-family: arial, helvetica, sans-serif;\"><a href=\"mailto:raivo@hts.ee\">helena@hts.ee<\/a><\/span><\/td>\n<\/tr>\n<\/tbody>\n<\/table>\n\n","protected":false},"excerpt":{"rendered":"<p>Tehnikasalong O\u00dc on pakkunud nii kontoritehnika m\u00fc\u00fcgi kui ka remondi- ja hooldusteenuseid \u00e4ri- ja eraklientidele. Meil on enam kui 20 aastat IT juhtimise kogemust v\u00e4ga erinevates valdkondades, me teame, millised on m\u00f5istlikud ja optimaalsed lahendused.\u00a0Iga IT-k\u00fcsimus on v\u00e4\u00e4rt v\u00e4ljakutse ja selle lahendamine on teinud meid aja jooksul vaid tugevamaks. Ettev\u00f5tte eesm\u00e4rgiks on pakkuda heal tasemel [&hellip;]<\/p>\n","protected":false},"author":3,"featured_media":0,"parent":0,"menu_order":0,"comment_status":"closed","ping_status":"closed","template":"template-full-width.php","meta":{"footnotes":""},"class_list":["post-165","page","type-page","status-publish","hentry"],"_links":{"self":[{"href":"https:\/\/hts.ee\/wp\/wp-json\/wp\/v2\/pages\/165","targetHints":{"allow":["GET"]}}],"collection":[{"href":"https:\/\/hts.ee\/wp\/wp-json\/wp\/v2\/pages"}],"about":[{"href":"https:\/\/hts.ee\/wp\/wp-json\/wp\/v2\/types\/page"}],"author":[{"embeddable":true,"href":"https:\/\/hts.ee\/wp\/wp-json\/wp\/v2\/users\/3"}],"replies":[{"embeddable":true,"href":"https:\/\/hts.ee\/wp\/wp-json\/wp\/v2\/comments?post=165"}],"version-history":[{"count":17,"href":"https:\/\/hts.ee\/wp\/wp-json\/wp\/v2\/pages\/165\/revisions"}],"predecessor-version":[{"id":1561,"href":"https:\/\/hts.ee\/wp\/wp-json\/wp\/v2\/pages\/165\/revisions\/1561"}],"wp:attachment":[{"href":"https:\/\/hts.ee\/wp\/wp-json\/wp\/v2\/media?parent=165"}],"curies":[{"name":"wp","href":"https:\/\/api.w.org\/{rel}","templated":true}]}}