{"id":82,"date":"2018-02-27T10:22:44","date_gmt":"2018-02-27T08:22:44","guid":{"rendered":"https:\/\/hts.ee\/wp\/?page_id=82"},"modified":"2019-01-30T12:52:57","modified_gmt":"2019-01-30T10:52:57","slug":"kontakt","status":"publish","type":"page","link":"https:\/\/hts.ee\/wp\/kontakt\/","title":{"rendered":"Kontakt"},"content":{"rendered":"<table>\n<tbody>\n<tr>\n<td>\n<h2>Tule meile!<\/h2>\n<p><span style=\"font-size: 12pt;\">Oleme avatud t\u00f6\u00f6p\u00e4eviti 9 \u2013 18<\/span><\/p>\n<p><span style=\"font-size: 12pt;\">Laup\u00e4eval ja p\u00fchap\u00e4eval oleme suletud.<\/span><\/p>\n<p><span style=\"font-size: 12pt;\">Telefon +372 47 25050<\/span><\/p>\n<p><span style=\"font-size: 12pt;\">e-mail\u00a0<a href=\"mailto:info@hts.ee\">info@hts.ee<\/a><\/span><\/p>\n<p><span style=\"font-size: 12pt;\">O\u00dc Tehnikasalong<\/span><\/p>\n<p><span style=\"font-size: 12pt;\">reg. 10179550<\/span><\/p>\n<p><span style=\"font-size: 12pt;\">km. EE100400092<\/span><\/p>\n<p><span style=\"font-size: 12pt;\">Kalda 63,<\/span><\/p>\n<p><span style=\"font-size: 12pt;\">Haapsalu 90504<\/span><\/td>\n<td>\n<h2>Kirjuta meile!<\/h2>\n<p style=\"text-align: left;\"><span style=\"font-size: 12pt;\">\n<div class=\"wpcf7 no-js\" id=\"wpcf7-f81-o1\" lang=\"et\" dir=\"ltr\" data-wpcf7-id=\"81\">\n<div class=\"screen-reader-response\"><p role=\"status\" aria-live=\"polite\" aria-atomic=\"true\"><\/p> <ul><\/ul><\/div>\n<form action=\"\/wp\/wp-json\/wp\/v2\/pages\/82#wpcf7-f81-o1\" method=\"post\" class=\"wpcf7-form init\" aria-label=\"Contact form\" novalidate=\"novalidate\" data-status=\"init\">\n<fieldset class=\"hidden-fields-container\"><input type=\"hidden\" name=\"_wpcf7\" value=\"81\" \/><input type=\"hidden\" name=\"_wpcf7_version\" value=\"6.1.5\" \/><input type=\"hidden\" name=\"_wpcf7_locale\" value=\"et\" \/><input type=\"hidden\" name=\"_wpcf7_unit_tag\" value=\"wpcf7-f81-o1\" \/><input type=\"hidden\" name=\"_wpcf7_container_post\" value=\"0\" \/><input type=\"hidden\" name=\"_wpcf7_posted_data_hash\" value=\"\" \/>\n<\/fieldset>\n<p><label> Nimi (n\u00f5utav)<br \/>\n<span class=\"wpcf7-form-control-wrap\" data-name=\"your-name\"><input size=\"40\" maxlength=\"400\" class=\"wpcf7-form-control wpcf7-text wpcf7-validates-as-required\" aria-required=\"true\" aria-invalid=\"false\" value=\"\" type=\"text\" name=\"your-name\" \/><\/span> <\/label>\n<\/p>\n<p><label> Email (n\u00f5utav)<br \/>\n<span class=\"wpcf7-form-control-wrap\" data-name=\"your-email\"><input size=\"40\" maxlength=\"400\" class=\"wpcf7-form-control wpcf7-email wpcf7-validates-as-required wpcf7-text wpcf7-validates-as-email\" aria-required=\"true\" aria-invalid=\"false\" value=\"\" type=\"email\" name=\"your-email\" \/><\/span> <\/label>\n<\/p>\n<p><label> Teema<br \/>\n<span class=\"wpcf7-form-control-wrap\" data-name=\"your-subject\"><input size=\"40\" maxlength=\"400\" class=\"wpcf7-form-control wpcf7-text\" aria-invalid=\"false\" value=\"\" type=\"text\" name=\"your-subject\" \/><\/span> <\/label>\n<\/p>\n<p><label> Teade<br \/>\n<span class=\"wpcf7-form-control-wrap\" data-name=\"your-message\"><textarea cols=\"40\" rows=\"10\" maxlength=\"2000\" class=\"wpcf7-form-control wpcf7-textarea\" aria-invalid=\"false\" name=\"your-message\"><\/textarea><\/span> <\/label>\n<\/p>\n<p><input class=\"wpcf7-form-control wpcf7-submit has-spinner\" type=\"submit\" value=\"Saada\" \/>\n<\/p><div class=\"wpcf7-response-output\" aria-hidden=\"true\"><\/div>\n<\/form>\n<\/div>\n<\/span><\/p>\n<\/td>\n<\/tr>\n<\/tbody>\n<\/table>\n","protected":false},"excerpt":{"rendered":"<p>Tule meile! Oleme avatud t\u00f6\u00f6p\u00e4eviti 9 \u2013 18 Laup\u00e4eval ja p\u00fchap\u00e4eval oleme suletud. Telefon +372 47 25050 e-mail\u00a0info@hts.ee O\u00dc Tehnikasalong reg. 10179550 km. EE100400092 Kalda 63, Haapsalu 90504 Kirjuta meile!<\/p>\n","protected":false},"author":3,"featured_media":0,"parent":0,"menu_order":0,"comment_status":"closed","ping_status":"closed","template":"","meta":{"footnotes":""},"class_list":["post-82","page","type-page","status-publish","hentry"],"_links":{"self":[{"href":"https:\/\/hts.ee\/wp\/wp-json\/wp\/v2\/pages\/82","targetHints":{"allow":["GET"]}}],"collection":[{"href":"https:\/\/hts.ee\/wp\/wp-json\/wp\/v2\/pages"}],"about":[{"href":"https:\/\/hts.ee\/wp\/wp-json\/wp\/v2\/types\/page"}],"author":[{"embeddable":true,"href":"https:\/\/hts.ee\/wp\/wp-json\/wp\/v2\/users\/3"}],"replies":[{"embeddable":true,"href":"https:\/\/hts.ee\/wp\/wp-json\/wp\/v2\/comments?post=82"}],"version-history":[{"count":11,"href":"https:\/\/hts.ee\/wp\/wp-json\/wp\/v2\/pages\/82\/revisions"}],"predecessor-version":[{"id":1316,"href":"https:\/\/hts.ee\/wp\/wp-json\/wp\/v2\/pages\/82\/revisions\/1316"}],"wp:attachment":[{"href":"https:\/\/hts.ee\/wp\/wp-json\/wp\/v2\/media?parent=82"}],"curies":[{"name":"wp","href":"https:\/\/api.w.org\/{rel}","templated":true}]}}